{"id":775,"date":"2024-03-13T14:12:49","date_gmt":"2024-03-13T14:12:49","guid":{"rendered":"https:\/\/website.cfaematosinhos.eu\/?page_id=775"},"modified":"2024-04-15T13:45:43","modified_gmt":"2024-04-15T13:45:43","slug":"ateliers","status":"publish","type":"page","link":"https:\/\/website.cfaematosinhos.eu\/?page_id=775","title":{"rendered":"Ateliers"},"content":{"rendered":"<div class=\"wp-block-image\">\n<figure class=\"aligncenter size-full\"><img fetchpriority=\"high\" decoding=\"async\" width=\"500\" height=\"500\" src=\"https:\/\/website.cfaematosinhos.eu\/wp-content\/uploads\/2024\/04\/5.png\" alt=\"\" class=\"wp-image-967\" srcset=\"https:\/\/website.cfaematosinhos.eu\/wp-content\/uploads\/2024\/04\/5.png 500w, https:\/\/website.cfaematosinhos.eu\/wp-content\/uploads\/2024\/04\/5-300x300.png 300w, https:\/\/website.cfaematosinhos.eu\/wp-content\/uploads\/2024\/04\/5-150x150.png 150w\" sizes=\"(max-width: 500px) 100vw, 500px\" \/><\/figure>\n<\/div>\n\n\n<p><br>O\u00a0CFAE_Matosinhos\u00a0disponibiliza para todos os seus utentes e familiares, espa\u00e7os, designados por Ateliers, complementos culturais de lazer orientados preferencialmente por formadores do Centro.\u00a0Cada um destes ateliers disp\u00f5e de um regulamento pr\u00f3prio que determina o seu modo de funcionamento.\u00a0A participa\u00e7\u00e3o nos ateliers poder\u00e1 implicar o pagamento de uma mensalidade, em condi\u00e7\u00f5es a definir no respetivo regulamento.<\/p>\n","protected":false},"excerpt":{"rendered":"<p>O\u00a0CFAE_Matosinhos\u00a0disponibiliza para todos os seus utentes e familiares, espa\u00e7os, designados por Ateliers, complementos culturais de lazer orientados preferencialmente por formadores do Centro.\u00a0Cada um destes ateliers disp\u00f5e de um regulamento pr\u00f3prio que determina o seu modo de funcionamento.\u00a0A participa\u00e7\u00e3o nos ateliers poder\u00e1 implicar o pagamento de uma mensalidade, em condi\u00e7\u00f5es a definir no respetivo regulamento.<\/p>\n","protected":false},"author":1,"featured_media":0,"parent":0,"menu_order":0,"comment_status":"closed","ping_status":"closed","template":"","meta":{"neve_meta_sidebar":"","neve_meta_container":"","neve_meta_enable_content_width":"","neve_meta_content_width":0,"neve_meta_title_alignment":"","neve_meta_author_avatar":"","neve_post_elements_order":"","neve_meta_disable_header":"","neve_meta_disable_footer":"","neve_meta_disable_title":"","_themeisle_gutenberg_block_has_review":false,"footnotes":""},"class_list":["post-775","page","type-page","status-publish","hentry"],"_links":{"self":[{"href":"https:\/\/website.cfaematosinhos.eu\/index.php?rest_route=\/wp\/v2\/pages\/775","targetHints":{"allow":["GET"]}}],"collection":[{"href":"https:\/\/website.cfaematosinhos.eu\/index.php?rest_route=\/wp\/v2\/pages"}],"about":[{"href":"https:\/\/website.cfaematosinhos.eu\/index.php?rest_route=\/wp\/v2\/types\/page"}],"author":[{"embeddable":true,"href":"https:\/\/website.cfaematosinhos.eu\/index.php?rest_route=\/wp\/v2\/users\/1"}],"replies":[{"embeddable":true,"href":"https:\/\/website.cfaematosinhos.eu\/index.php?rest_route=%2Fwp%2Fv2%2Fcomments&post=775"}],"version-history":[{"count":3,"href":"https:\/\/website.cfaematosinhos.eu\/index.php?rest_route=\/wp\/v2\/pages\/775\/revisions"}],"predecessor-version":[{"id":994,"href":"https:\/\/website.cfaematosinhos.eu\/index.php?rest_route=\/wp\/v2\/pages\/775\/revisions\/994"}],"wp:attachment":[{"href":"https:\/\/website.cfaematosinhos.eu\/index.php?rest_route=%2Fwp%2Fv2%2Fmedia&parent=775"}],"curies":[{"name":"wp","href":"https:\/\/api.w.org\/{rel}","templated":true}]}}