{"id":817,"date":"2024-03-25T17:35:13","date_gmt":"2024-03-25T17:35:13","guid":{"rendered":"https:\/\/website.cfaematosinhos.eu\/?page_id=817"},"modified":"2024-04-15T16:48:34","modified_gmt":"2024-04-15T16:48:34","slug":"817-2","status":"publish","type":"page","link":"https:\/\/website.cfaematosinhos.eu\/?page_id=817","title":{"rendered":"add"},"content":{"rendered":"<div class=\"wp-block-image\">\n<figure class=\"aligncenter size-full is-resized\"><img fetchpriority=\"high\" decoding=\"async\" width=\"500\" height=\"500\" src=\"https:\/\/website.cfaematosinhos.eu\/wp-content\/uploads\/2024\/04\/3-1.png\" alt=\"\" class=\"wp-image-1030\" style=\"width:302px;height:auto\" srcset=\"https:\/\/website.cfaematosinhos.eu\/wp-content\/uploads\/2024\/04\/3-1.png 500w, https:\/\/website.cfaematosinhos.eu\/wp-content\/uploads\/2024\/04\/3-1-300x300.png 300w, https:\/\/website.cfaematosinhos.eu\/wp-content\/uploads\/2024\/04\/3-1-150x150.png 150w\" sizes=\"(max-width: 500px) 100vw, 500px\" \/><\/figure>\n<\/div>\n\n\n<p><\/p>\n\n\n\n<p>Neste espa\u00e7o disponibilizamos legisla\u00e7\u00e3o, formul\u00e1rios e regulamento relativos \u00e0 Avalia\u00e7\u00e3o Externa a realizar no \u00e2mbito da ADD &#8211; Avalia\u00e7\u00e3o de Desempenho Docente em que o CFAE_Matosinhos est\u00e1 envolvido uma vez que \u00e9 a esta entidade que compete a coordena\u00e7\u00e3o e\u00a0gest\u00e3o da Bolsa de Avaliadores Externos (BAE).<\/p>\n\n\n\n<p><a href=\"https:\/\/www.cfaematosinhos.eu\/ADD_AE_Procedimentos_Reg_Geral_2022_23.pdf\">Lista de procedimentos relativos ao processo de ADD &#8211; Avalia\u00e7\u00e3o Externa 2022-23 ao abrigo do Decreto Regulamentar n\u00ba 26\/2012 de 21 de Fevereiro<\/a><em>(Publicada em 7 de Dezembro de 2022)<\/em><\/p>\n","protected":false},"excerpt":{"rendered":"<p>Neste espa\u00e7o disponibilizamos legisla\u00e7\u00e3o, formul\u00e1rios e regulamento relativos \u00e0 Avalia\u00e7\u00e3o Externa a realizar no \u00e2mbito da ADD &#8211; Avalia\u00e7\u00e3o de Desempenho Docente em que o CFAE_Matosinhos est\u00e1 envolvido uma vez que \u00e9 a esta entidade que compete a coordena\u00e7\u00e3o e\u00a0gest\u00e3o da Bolsa de Avaliadores Externos (BAE). Lista de procedimentos relativos ao processo de ADD &#8211;&hellip;&nbsp;<a href=\"https:\/\/website.cfaematosinhos.eu\/?page_id=817\" class=\"\" rel=\"bookmark\">Ler mais &raquo;<span class=\"screen-reader-text\">add<\/span><\/a><\/p>\n","protected":false},"author":2,"featured_media":0,"parent":0,"menu_order":0,"comment_status":"closed","ping_status":"closed","template":"","meta":{"neve_meta_sidebar":"","neve_meta_container":"","neve_meta_enable_content_width":"","neve_meta_content_width":0,"neve_meta_title_alignment":"","neve_meta_author_avatar":"","neve_post_elements_order":"","neve_meta_disable_header":"","neve_meta_disable_footer":"","neve_meta_disable_title":"","_themeisle_gutenberg_block_has_review":false,"footnotes":""},"class_list":["post-817","page","type-page","status-publish","hentry"],"_links":{"self":[{"href":"https:\/\/website.cfaematosinhos.eu\/index.php?rest_route=\/wp\/v2\/pages\/817","targetHints":{"allow":["GET"]}}],"collection":[{"href":"https:\/\/website.cfaematosinhos.eu\/index.php?rest_route=\/wp\/v2\/pages"}],"about":[{"href":"https:\/\/website.cfaematosinhos.eu\/index.php?rest_route=\/wp\/v2\/types\/page"}],"author":[{"embeddable":true,"href":"https:\/\/website.cfaematosinhos.eu\/index.php?rest_route=\/wp\/v2\/users\/2"}],"replies":[{"embeddable":true,"href":"https:\/\/website.cfaematosinhos.eu\/index.php?rest_route=%2Fwp%2Fv2%2Fcomments&post=817"}],"version-history":[{"count":10,"href":"https:\/\/website.cfaematosinhos.eu\/index.php?rest_route=\/wp\/v2\/pages\/817\/revisions"}],"predecessor-version":[{"id":1032,"href":"https:\/\/website.cfaematosinhos.eu\/index.php?rest_route=\/wp\/v2\/pages\/817\/revisions\/1032"}],"wp:attachment":[{"href":"https:\/\/website.cfaematosinhos.eu\/index.php?rest_route=%2Fwp%2Fv2%2Fmedia&parent=817"}],"curies":[{"name":"wp","href":"https:\/\/api.w.org\/{rel}","templated":true}]}}