{"id":982,"date":"2024-04-15T13:29:50","date_gmt":"2024-04-15T13:29:50","guid":{"rendered":"https:\/\/website.cfaematosinhos.eu\/?page_id=982"},"modified":"2024-04-15T17:09:38","modified_gmt":"2024-04-15T17:09:38","slug":"982-2","status":"publish","type":"page","link":"https:\/\/website.cfaematosinhos.eu\/?page_id=982","title":{"rendered":"Oxarfaxinars"},"content":{"rendered":"<div class=\"wp-block-image\">\n<figure class=\"aligncenter size-full is-resized\"><img fetchpriority=\"high\" decoding=\"async\" width=\"500\" height=\"150\" src=\"https:\/\/website.cfaematosinhos.eu\/wp-content\/uploads\/2024\/04\/oxarfaxinars-logo-grande.png\" alt=\"\" class=\"wp-image-988\" style=\"width:388px;height:auto\" srcset=\"https:\/\/website.cfaematosinhos.eu\/wp-content\/uploads\/2024\/04\/oxarfaxinars-logo-grande.png 500w, https:\/\/website.cfaematosinhos.eu\/wp-content\/uploads\/2024\/04\/oxarfaxinars-logo-grande-300x90.png 300w\" sizes=\"(max-width: 500px) 100vw, 500px\" \/><\/figure>\n<\/div>\n\n\n<p><\/p>\n\n\n\n<p><em><strong>Ser Professor \u00e9 coisa de quem ousa fascinar-se. E quando se \u00e9 professor\u2026 brilha nos olhos. <\/strong><\/em><\/p>\n\n\n\n<p>Ozarfaxinars \u00e9 a e-revista do CFAE_Matosinhos, e tem a finalidade de divulgar as atividades desenvolvidas no \u00e2mbito de tem\u00e1ticas de atualidade relativas \u00e0 forma\u00e7\u00e3o cont\u00ednua, em particular, e ao sistema educativo em geral.<\/p>\n\n\n\n<p style=\"font-size:10px\">Dire\u00e7\u00e3o: Jorge Lima Edi\u00e7\u00e3o e Coordena\u00e7\u00e3o: F\u00e1tima Pais<\/p>\n\n\n\n<p style=\"font-size:10px\">e-revista ISSN 1645-9180<\/p>\n\n\n\n<p><\/p>\n","protected":false},"excerpt":{"rendered":"<p>Ser Professor \u00e9 coisa de quem ousa fascinar-se. E quando se \u00e9 professor\u2026 brilha nos olhos. Ozarfaxinars \u00e9 a e-revista do CFAE_Matosinhos, e tem a finalidade de divulgar as atividades desenvolvidas no \u00e2mbito de tem\u00e1ticas de atualidade relativas \u00e0 forma\u00e7\u00e3o cont\u00ednua, em particular, e ao sistema educativo em geral. Dire\u00e7\u00e3o: Jorge Lima Edi\u00e7\u00e3o e Coordena\u00e7\u00e3o:&hellip;&nbsp;<a href=\"https:\/\/website.cfaematosinhos.eu\/?page_id=982\" class=\"\" rel=\"bookmark\">Ler mais &raquo;<span class=\"screen-reader-text\">Oxarfaxinars<\/span><\/a><\/p>\n","protected":false},"author":2,"featured_media":808,"parent":0,"menu_order":0,"comment_status":"closed","ping_status":"closed","template":"","meta":{"neve_meta_sidebar":"","neve_meta_container":"","neve_meta_enable_content_width":"","neve_meta_content_width":0,"neve_meta_title_alignment":"","neve_meta_author_avatar":"","neve_post_elements_order":"","neve_meta_disable_header":"","neve_meta_disable_footer":"","neve_meta_disable_title":"","_themeisle_gutenberg_block_has_review":false,"footnotes":""},"class_list":["post-982","page","type-page","status-publish","has-post-thumbnail","hentry"],"_links":{"self":[{"href":"https:\/\/website.cfaematosinhos.eu\/index.php?rest_route=\/wp\/v2\/pages\/982","targetHints":{"allow":["GET"]}}],"collection":[{"href":"https:\/\/website.cfaematosinhos.eu\/index.php?rest_route=\/wp\/v2\/pages"}],"about":[{"href":"https:\/\/website.cfaematosinhos.eu\/index.php?rest_route=\/wp\/v2\/types\/page"}],"author":[{"embeddable":true,"href":"https:\/\/website.cfaematosinhos.eu\/index.php?rest_route=\/wp\/v2\/users\/2"}],"replies":[{"embeddable":true,"href":"https:\/\/website.cfaematosinhos.eu\/index.php?rest_route=%2Fwp%2Fv2%2Fcomments&post=982"}],"version-history":[{"count":8,"href":"https:\/\/website.cfaematosinhos.eu\/index.php?rest_route=\/wp\/v2\/pages\/982\/revisions"}],"predecessor-version":[{"id":1041,"href":"https:\/\/website.cfaematosinhos.eu\/index.php?rest_route=\/wp\/v2\/pages\/982\/revisions\/1041"}],"wp:featuredmedia":[{"embeddable":true,"href":"https:\/\/website.cfaematosinhos.eu\/index.php?rest_route=\/wp\/v2\/media\/808"}],"wp:attachment":[{"href":"https:\/\/website.cfaematosinhos.eu\/index.php?rest_route=%2Fwp%2Fv2%2Fmedia&parent=982"}],"curies":[{"name":"wp","href":"https:\/\/api.w.org\/{rel}","templated":true}]}}