{"id":997,"date":"2024-04-15T13:50:32","date_gmt":"2024-04-15T13:50:32","guid":{"rendered":"https:\/\/website.cfaematosinhos.eu\/?page_id=997"},"modified":"2024-04-15T13:52:49","modified_gmt":"2024-04-15T13:52:49","slug":"centro-de-recursos","status":"publish","type":"page","link":"https:\/\/website.cfaematosinhos.eu\/?page_id=997","title":{"rendered":"Centro de Recursos"},"content":{"rendered":"<div class=\"wp-block-image\">\n<figure class=\"aligncenter size-full\"><img fetchpriority=\"high\" decoding=\"async\" width=\"500\" height=\"500\" src=\"https:\/\/website.cfaematosinhos.eu\/wp-content\/uploads\/2024\/04\/6.png\" alt=\"\" class=\"wp-image-968\" srcset=\"https:\/\/website.cfaematosinhos.eu\/wp-content\/uploads\/2024\/04\/6.png 500w, https:\/\/website.cfaematosinhos.eu\/wp-content\/uploads\/2024\/04\/6-300x300.png 300w, https:\/\/website.cfaematosinhos.eu\/wp-content\/uploads\/2024\/04\/6-150x150.png 150w\" sizes=\"(max-width: 500px) 100vw, 500px\" \/><\/figure>\n<\/div>\n\n\n<p><br>Diret\u00f3rio de ferramentas digitais, biblioteca e legisla\u00e7\u00e3o.<\/p>\n","protected":false},"excerpt":{"rendered":"<p>Diret\u00f3rio de ferramentas digitais, biblioteca e legisla\u00e7\u00e3o.<\/p>\n","protected":false},"author":2,"featured_media":0,"parent":0,"menu_order":0,"comment_status":"closed","ping_status":"closed","template":"","meta":{"neve_meta_sidebar":"","neve_meta_container":"","neve_meta_enable_content_width":"","neve_meta_content_width":0,"neve_meta_title_alignment":"","neve_meta_author_avatar":"","neve_post_elements_order":"","neve_meta_disable_header":"","neve_meta_disable_footer":"","neve_meta_disable_title":"","_themeisle_gutenberg_block_has_review":false,"footnotes":""},"class_list":["post-997","page","type-page","status-publish","hentry"],"_links":{"self":[{"href":"https:\/\/website.cfaematosinhos.eu\/index.php?rest_route=\/wp\/v2\/pages\/997","targetHints":{"allow":["GET"]}}],"collection":[{"href":"https:\/\/website.cfaematosinhos.eu\/index.php?rest_route=\/wp\/v2\/pages"}],"about":[{"href":"https:\/\/website.cfaematosinhos.eu\/index.php?rest_route=\/wp\/v2\/types\/page"}],"author":[{"embeddable":true,"href":"https:\/\/website.cfaematosinhos.eu\/index.php?rest_route=\/wp\/v2\/users\/2"}],"replies":[{"embeddable":true,"href":"https:\/\/website.cfaematosinhos.eu\/index.php?rest_route=%2Fwp%2Fv2%2Fcomments&post=997"}],"version-history":[{"count":4,"href":"https:\/\/website.cfaematosinhos.eu\/index.php?rest_route=\/wp\/v2\/pages\/997\/revisions"}],"predecessor-version":[{"id":1003,"href":"https:\/\/website.cfaematosinhos.eu\/index.php?rest_route=\/wp\/v2\/pages\/997\/revisions\/1003"}],"wp:attachment":[{"href":"https:\/\/website.cfaematosinhos.eu\/index.php?rest_route=%2Fwp%2Fv2%2Fmedia&parent=997"}],"curies":[{"name":"wp","href":"https:\/\/api.w.org\/{rel}","templated":true}]}}